{"id":3704,"date":"2022-06-20T08:41:22","date_gmt":"2022-06-20T08:41:22","guid":{"rendered":"https:\/\/aconium.al\/politika-e-privatesise\/"},"modified":"2023-03-18T09:40:37","modified_gmt":"2023-03-18T09:40:37","slug":"politika-e-privatesise","status":"publish","type":"page","link":"https:\/\/aconium.al\/sq\/politika-e-privatesise\/","title":{"rendered":"Politika e privat\u00ebsis\u00eb"},"content":{"rendered":"\t\t<div data-elementor-type=\"wp-page\" data-elementor-id=\"3704\" class=\"elementor elementor-3704 elementor-1879\" data-elementor-post-type=\"page\">\n\t\t\t\t\t\t<section class=\"elementor-section elementor-top-section elementor-element elementor-element-73be5a05 elementor-section-boxed elementor-section-height-default elementor-section-height-default\" data-id=\"73be5a05\" data-element_type=\"section\">\r\n\t\t\r\n\t\t\t\t\t\t\t<div class=\"elementor-container elementor-column-gap-default\">\r\n\t\t\t\t\t\t\t\t<div class=\"elementor-row\">\r\n\t\t\t\t\t\t\t<div class=\"elementor-column elementor-col-100 elementor-top-column elementor-element elementor-element-1661639e\" data-id=\"1661639e\" data-element_type=\"column\">\r\n\t\t\t\t\t<div class=\"elementor-column-wrap elementor-element-populated\">\r\n\t\t\t\t\t\t\t<div class=\"elementor-widget-wrap\">\r\n\t\t\t\t\t\t<div class=\"elementor-element elementor-element-59f1b83 elementor-widget elementor-widget-text-editor\" data-id=\"59f1b83\" data-element_type=\"widget\" data-widget_type=\"text-editor.default\">\n\t\t\t\t<div class=\"elementor-widget-container\">\n\t\t\t\t\t\t\t<p><\/p>\n<p> <\/p>\n<h1>Politika e privat\u00ebsis\u00eb<\/h1>\n<p>Faleminderit p\u00ebr interesimin tuaj n\u00eb faqen ton\u00eb t\u00eb internetit. M\u00eb posht\u00eb, ne ju kemi dh\u00ebn\u00eb informacione se cilat t\u00eb dh\u00ebna mbledhim dhe p\u00ebrpunojm\u00eb, dhe p\u00ebr \u00e7far\u00eb q\u00ebllimesh, kur p\u00ebrdorni faqen ton\u00eb t\u00eb internetit.<\/p>\n<h2>1. P\u00ebrpunimi i t\u00eb dh\u00ebnave kur p\u00ebrdorni faqen ton\u00eb t\u00eb internetit<\/h2>\n<p><strong>1.1 Vizita e faqes<\/strong><\/p>\n<p>N\u00eb p\u00ebrgjith\u00ebsi, ju mund t\u00eb vizitoni faqen ton\u00eb t\u00eb internetit pa pasur nevoj\u00eb t\u00eb jepni t\u00eb dh\u00ebna personale. T\u00eb dh\u00ebnat personale mblidhen vet\u00ebm p\u00ebr aq sa \u00ebsht\u00eb e nevojshme p\u00ebr arsye teknike p\u00ebr p\u00ebrdorimin e faqes son\u00eb, ose n\u00ebse p\u00ebrdorni funksione ose sh\u00ebrbime t\u00eb caktuara t\u00eb ofruara n\u00eb faqen ton\u00eb t\u00eb internetit, si\u00e7 \u00ebsht\u00eb formulari i kontaktit. T\u00eb dh\u00ebnat e m\u00ebposhtme t\u00eb aksesit mblidhen automatikisht sa her\u00eb q\u00eb p\u00ebrdorni faqen ton\u00eb t\u00eb internetit:<\/p>\n<ul>\n<li>Data dhe ora e hyrjes;<\/li>\n<li>Emri i dosjes s\u00eb k\u00ebrkuar;<\/li>\n<li>Faqja nga e cila \u00ebsht\u00eb k\u00ebrkuar dosja;<\/li>\n<li>Statusi i aksesit (p.sh. skedari i transferuar, skedari nuk u gjet);<\/li>\n<li>Shfletuesi i internetit q\u00eb p\u00ebrdorni dhe sistemi operativ i pajisjes suaj;<\/li>\n<li>Adresa IP e pajisjes k\u00ebrkuese;<\/li>\n<\/ul>\n<p>K\u00ebto t\u00eb dh\u00ebna duhet t\u00eb p\u00ebrpunohen p\u00ebr t\u00eb mund\u00ebsuar vizit\u00ebn n\u00eb faqen e internetit dhe p\u00ebr t\u00eb siguruar q\u00eb sistemet tona jan\u00eb p\u00ebrgjithmon\u00eb funksionale, t\u00eb disponueshme dhe t\u00eb sigurta. P\u00ebr q\u00ebllimet e p\u00ebrshkruara m\u00eb sip\u00ebr, t\u00eb dh\u00ebnat e aksesit ruhen gjithashtu p\u00ebrkoh\u00ebsisht n\u00eb skedar\u00ebt e brendsh\u00ebm t\u00eb regjistrave p\u00ebr t\u00eb gjeneruar t\u00eb dh\u00ebna statistikore rreth m\u00ebnyr\u00ebs se si p\u00ebrdoret faqja jon\u00eb e internetit, p\u00ebr t\u00eb zhvilluar m\u00eb tej faqen ton\u00eb t\u00eb internetit n\u00eb lidhje me zakonet e p\u00ebrdorimit t\u00eb vizitor\u00ebve tan\u00eb (p.sh. n\u00ebse p\u00ebrqindja e pajisjeve celulare p\u00ebrdoret p\u00ebr t\u00eb hyr\u00eb n\u00eb faqet rritet), dhe p\u00ebr mir\u00ebmbajtjen e p\u00ebrgjithshme administrative t\u00eb faqes son\u00eb t\u00eb internetit. Informacioni i ruajtur n\u00eb skedar\u00ebt e regjistrit nuk lejon t\u00eb nxirren p\u00ebrfundime t\u00eb drejtp\u00ebrdrejta p\u00ebr ju si person; n\u00eb ve\u00e7anti, ne ruajm\u00eb adresat IP vet\u00ebm n\u00eb form\u00eb t\u00eb cunguar, anonime. Skedar\u00ebt e regjistrit ruhen dhe m\u00eb pas fshihen.<\/p>\n<p><strong>1.2. Forma e Kontaktit<\/strong><\/p>\n<p>Ne ju ofrojm\u00eb mund\u00ebsin\u00eb q\u00eb t\u00eb na d\u00ebrgoni mesazhe drejtp\u00ebrdrejt duke p\u00ebrdorur nj\u00eb formular kontakti. Ju duhet t\u00eb jepni nj\u00eb adres\u00eb emaili me t\u00eb cil\u00ebn ne mund t&#8217;ju kontaktojm\u00eb kur ta b\u00ebjm\u00eb k\u00ebt\u00eb. K\u00ebrkojm\u00eb edhe emrin tuaj q\u00eb t&#8217;ju drejtohemi. Fushat e detyrueshme jan\u00eb sh\u00ebnuar si t\u00eb tilla. Ne p\u00ebrpunojm\u00eb t\u00eb dh\u00ebnat q\u00eb ju jepni n\u00eb formularin e kontaktit p\u00ebr t&#8217;iu p\u00ebrgjigjur k\u00ebrkes\u00ebs tuaj. P\u00ebr t\u00eb qen\u00eb n\u00eb gjendje t\u00eb p\u00ebrpunojm\u00eb k\u00ebrkes\u00ebn tuaj si\u00e7 duhet, ne mund t&#8217;i zbulojm\u00eb t\u00eb dh\u00ebnat e dh\u00ebna n\u00eb formularin e kontaktit n\u00eb zyr\u00ebn ton\u00eb. Kjo \u00ebsht\u00eb b\u00ebr\u00eb n\u00eb m\u00ebnyr\u00eb q\u00eb ekipi p\u00ebrgjegj\u00ebs t\u00eb mund t&#8217;i p\u00ebrgjigjet si\u00e7 duhet k\u00ebrkes\u00ebs suaj. T\u00eb dh\u00ebnat e mbledhura kur p\u00ebrdoret formulari i kontaktit do t\u00eb fshihen automatikisht pasi t\u00eb jet\u00eb p\u00ebrpunuar k\u00ebrkesa juaj.<\/p>\n<p><strong>1.3. atene-Newsletter<\/strong><\/p>\n<p>Ju keni mund\u00ebsin\u00eb t\u00eb porosisni buletinin ton\u00eb, i cili ju informon rregullisht p\u00ebr projektet e reja, ngjarjet, datat dhe informacionin aktual mbi temat e zhvillimit rajonal, broadband, dixhitalizimin si dhe botime nga atene KOM Albania Shpk dhe nd\u00ebr t\u00eb tjera ofron informacion n\u00eb terren. t\u00eb sistemeve t\u00eb informacionit gjeografik. Kur regjistroheni, ju k\u00ebrkojm\u00eb t\u00eb jepni emrin tuaj n\u00eb m\u00ebnyr\u00eb q\u00eb t\u00eb mund t\u00eb kontaktojm\u00eb me ju dhe t\u00eb jepni adres\u00ebn tuaj t\u00eb emailit n\u00eb m\u00ebnyr\u00eb q\u00eb ne t&#8217;ju d\u00ebrgojm\u00eb buletinin. Ju gjithashtu keni mund\u00ebsin\u00eb p\u00ebr t\u00eb ofruar informacione t\u00eb m\u00ebtejshme vullnetare.<\/p>\n<p>Ne p\u00ebrdorim nj\u00eb shtes\u00eb buletini p\u00ebr regjistrimin e buletinit, e cila \u00ebsht\u00eb n\u00eb p\u00ebrputhje me Ligjin Shqiptar. Kjo shtojc\u00eb nuk mbledh informacione t\u00eb p\u00ebrdoruesit dhe nuk ka as akses n\u00eb t\u00eb dh\u00ebna t\u00eb tilla.<\/p>\n<p>Ne p\u00ebrdorim t\u00eb ashtuquajtur\u00ebn procedur\u00eb t\u00eb zgjedhjes s\u00eb dyfisht\u00eb, q\u00eb do t\u00eb thot\u00eb se ne do t&#8217;ju d\u00ebrgojm\u00eb informacion vet\u00ebm me email kur klikoni n\u00eb nj\u00eb lidhje n\u00eb emailin ton\u00eb t\u00eb njoftimit p\u00ebr t\u00eb konfirmuar q\u00eb ju jeni pronari i adres\u00ebs s\u00eb emailit t\u00eb dh\u00ebn\u00eb. N\u00ebse konfirmoni adres\u00ebn tuaj t\u00eb emailit, ne do t\u00eb ruajm\u00eb adres\u00ebn tuaj t\u00eb emailit, koh\u00ebn e regjistrimit dhe adres\u00ebn IP t\u00eb caktuar gjat\u00eb regjistrimit derisa t\u00eb \u00e7abonoheni nga buletini. Pas konfirmimit t\u00eb regjistrimit tuaj n\u00ebp\u00ebrmjet lidhjes s\u00eb regjistrimit, do t\u00eb merrni nj\u00eb e-mail duke p\u00ebrfshir\u00eb lidhjen e profilit tuaj. Ju mund t\u00eb hyni n\u00eb profilin tuaj n\u00ebp\u00ebrmjet lidhjes s\u00eb profilit p\u00ebr t\u00eb kontrolluar dhe ndryshuar informacionin tuaj t\u00eb regjistrimit. Ruajtja e k\u00ebtij informacioni i sh\u00ebrben q\u00ebllimit t\u00eb vet\u00ebm p\u00ebr t&#8217;ju d\u00ebrguar buletinin dhe p\u00ebr t\u00eb qen\u00eb n\u00eb gjendje t\u00eb provoni regjistrimin tuaj. Ju mund t\u00eb \u00e7regjistroheni nga buletini n\u00eb \u00e7do koh\u00eb. Ekziston nj\u00eb lidhje p\u00ebrkat\u00ebse \u00e7regjistrimi n\u00eb \u00e7do email, si dhe n\u00eb profilin tuaj. Nj\u00eb mesazh p\u00ebr detajet e kontaktit t\u00eb dh\u00ebna m\u00eb sip\u00ebr ose n\u00eb emailet individuale (p.sh., me email ose let\u00ebr) sigurisht q\u00eb \u00ebsht\u00eb gjithashtu i mjaftuesh\u00ebm p\u00ebr k\u00ebt\u00eb.<\/p>\n<p><strong>1.4. Vende t\u00eb lira pune<\/strong><\/p>\n<p>N\u00ebse aplikoni p\u00ebr nj\u00eb pun\u00eb n\u00eb atene KOM Albania, do t&#8217;ju k\u00ebrkohet t\u00eb paraqisni t\u00eb dh\u00ebnat tuaja personale (p.sh. emrin, detajet e kontaktit, informacionin rreth arsimimit dhe historis\u00eb suaj t\u00eb pun\u00ebs ose t\u00eb dh\u00ebna t\u00eb tjera prejardhjeje) n\u00eb atene KOM Albania.<\/p>\n<p>atene KOM Albania mund t\u00eb p\u00ebrdor\u00eb gjithashtu informacionin tuaj p\u00ebr t\u00eb analizuar dhe p\u00ebrmir\u00ebsuar proceset tona t\u00eb rekrutimit dhe hyrjes n\u00eb bord. M\u00eb shum\u00eb detaje mund t\u00eb gjenden n\u00eb seksionin Vendet e lira t\u00eb Pun\u00ebs.<\/p>\n<p>P\u00ebr punonj\u00ebsit aktual\u00eb t\u00eb atene KOM Albania, atene KOM Albania krijon dhe administron dosjen p\u00ebr \u00e7do punonj\u00ebs, ku t\u00eb dh\u00ebnat ruhen t\u00eb sigurta dhe p\u00ebrdoren vet\u00ebm p\u00ebr q\u00ebllime pun\u00ebsimi. N\u00eb p\u00ebrfundim t\u00eb periudh\u00ebs s\u00eb pun\u00ebs, ne e mbajm\u00eb dosjen n\u00eb p\u00ebrputhje me legjislacionin shqiptar.<\/p>\n<h2>2. Cookies dhe analiza e p\u00ebrdorimit<\/h2>\n<p><strong>2.1. P\u00ebrdorimi i p\u00ebrgjithsh\u00ebm i cookies<\/strong><\/p>\n<p>Nj\u00eb shum\u00ebllojshm\u00ebri e cookie-ve vendosen kur vizitoni dhe p\u00ebrdorni faqen ton\u00eb t\u00eb internetit. Cookies jan\u00eb skedar\u00eb t\u00eb vegj\u00ebl teksti q\u00eb ruhen n\u00eb cache-in e shfletuesit tuaj t\u00eb internetit dhe p\u00ebrmbajn\u00eb informacion q\u00eb lejon server\u00ebt e uebit t&#8217;ju njohin n\u00eb vizitat e m\u00ebvonshme. Cookies nuk mund t\u00eb ekzekutojn\u00eb asnj\u00eb program ose t\u00eb transferojn\u00eb viruse n\u00eb kompjuterin tuaj.<\/p>\n<p>Q\u00ebllimi kryesor i cookie-ve tona \u00ebsht\u00eb ta b\u00ebjm\u00eb p\u00ebrdorimin e sh\u00ebrbimeve tona sa m\u00eb t\u00eb kursyer n\u00eb koh\u00eb dhe sa m\u00eb miq\u00ebsore p\u00ebr p\u00ebrdoruesit. Ne p\u00ebrdorim ve\u00e7an\u00ebrisht cookies tona<\/p>\n<ul>\n<li>p\u00ebr shp\u00ebrndarjen e ngarkes\u00ebs;<\/li>\n<li>p\u00ebr t\u00eb ruajtur cil\u00ebsimet e gjuh\u00ebs;<\/li>\n<li>p\u00ebr t\u00eb ruajtur t\u00eb dh\u00ebnat e hyrjes (p\u00ebr portalin ton\u00eb t\u00eb klientit);<\/li>\n<li>p\u00ebr t\u00eb ruajtur p\u00ebrmbajtjen e fushave t\u00eb formularit;<\/li>\n<li>p\u00ebr t\u00eb treguar se informacioni i vendosur n\u00eb faqen ton\u00eb t\u00eb internetit ju \u00ebsht\u00eb shfaqur n\u00eb m\u00ebnyr\u00eb q\u00eb t\u00eb mos shfaqet m\u00eb her\u00ebn tjet\u00ebr q\u00eb t\u00eb vizitoni faqen e internetit.<\/li>\n<\/ul>\n<p>Duke b\u00ebr\u00eb k\u00ebt\u00eb, ne duam t&#8217;ju mund\u00ebsojm\u00eb t\u00eb p\u00ebrdorni faqen ton\u00eb t\u00eb internetit n\u00eb nj\u00eb m\u00ebnyr\u00eb q\u00eb \u00ebsht\u00eb m\u00eb e p\u00ebrshtatshme dhe unike p\u00ebr ju. Cookies p\u00ebrkat\u00ebse p\u00ebrpunohen bazuar ose n\u00eb p\u00eblqimin q\u00eb keni dh\u00ebn\u00eb ose n\u00eb interesat tona legjitime t\u00eb lartp\u00ebrmendura.<\/p>\n<p>Ju mund t\u00eb parandaloni ruajtjen e kukive duke i parandaluar pranimin e tyre duke p\u00ebrdorur k\u00ebt\u00eb faqe interneti n\u00eb cil\u00ebsimet e shfletuesit tuaj. N\u00ebse nuk pranoni cookie, kjo, megjithat\u00eb, mund t\u00eb \u00e7oj\u00eb n\u00eb kufizime t\u00eb konsiderueshme funksionale n\u00eb faqen ton\u00eb t\u00eb internetit n\u00eb raste individuale.<\/p>\n<h2>3. Lidhje me faqet e tjera t\u00eb internetit dhe ofertat online<\/h2>\n<p>Kjo faqe interneti mund t\u00eb p\u00ebrmbaj\u00eb lidhje me faqet e internetit dhe sh\u00ebrbimet n\u00eb internet q\u00eb u p\u00ebrkasin ofruesve t\u00eb tjer\u00eb q\u00eb nuk jan\u00eb t\u00eb lidhur me ne. N\u00ebse klikoni n\u00eb k\u00ebto lidhje, natyrisht q\u00eb ne nuk kemi m\u00eb asnj\u00eb ndikim mbi t\u00eb dh\u00ebnat q\u00eb mblidhen nga ofruesit n\u00eb fjal\u00eb dhe cilat t\u00eb dh\u00ebna regjistrohen prej tyre. Do t\u00eb gjeni informacion t\u00eb detajuar rreth mbledhjes dhe p\u00ebrdorimit t\u00eb t\u00eb dh\u00ebnave n\u00eb politik\u00ebn e privat\u00ebsis\u00eb s\u00eb ofruesit p\u00ebrkat\u00ebs. Meqen\u00ebse ne nuk kemi asnj\u00eb kontroll mbi m\u00ebnyr\u00ebn n\u00eb t\u00eb cil\u00ebn pal\u00ebt e treta mbledhin dhe p\u00ebrpunojn\u00eb t\u00eb dh\u00ebnat, ne nuk mund t\u00eb pranojm\u00eb asnj\u00eb p\u00ebrgjegj\u00ebsi p\u00ebr t\u00eb nj\u00ebjt\u00ebn gj\u00eb.<\/p>\n<h2>4. Zbulimi i t\u00eb dh\u00ebnave<\/h2>\n<p>N\u00eb p\u00ebrgjith\u00ebsi, t\u00eb dh\u00ebnat q\u00eb mbledhim do t\u00eb zbulohen vet\u00ebm n\u00ebse:<\/p>\n<ul>\n<li>ju keni dh\u00ebn\u00eb p\u00eblqimin tuaj t\u00eb shprehur p\u00ebr k\u00ebt\u00eb q\u00ebllim;<\/li>\n<li>zbulimi \u00ebsht\u00eb i nevojsh\u00ebm p\u00ebr t\u00eb krijuar, ushtruar ose mbrojtur pretendimet ligjore dhe nuk ka asnj\u00eb arsye p\u00ebr t\u00eb besuar se ju keni nj\u00eb interes legjitim mbizot\u00ebrues q\u00eb t\u00eb dh\u00ebnat tuaja t\u00eb mos zbulohen;<\/li>\n<li>ne jemi t\u00eb detyruar ligj\u00ebrisht t\u00eb zbulojm\u00eb informacionin, ose<\/li>\n<li>ta b\u00ebsh k\u00ebt\u00eb \u00ebsht\u00eb ligj\u00ebrisht e lejueshme dhe k\u00ebrkohet p\u00ebr trajtimin e marr\u00ebdh\u00ebnieve kontraktuale me ju ose p\u00ebr zbatimin e masave parakontraktore q\u00eb kryhen me k\u00ebrkes\u00ebn tuaj.<\/li>\n<\/ul>\n<p>Disa nga aktivitetet e p\u00ebrpunimit t\u00eb t\u00eb dh\u00ebnave t\u00eb p\u00ebrshkruara n\u00eb k\u00ebt\u00eb politik\u00eb t\u00eb privat\u00ebsis\u00eb mund t\u00eb kryhen nga ofruesit tan\u00eb t\u00eb sh\u00ebrbimeve. P\u00ebrve\u00e7 ofruesve t\u00eb sh\u00ebrbimeve t\u00eb p\u00ebrmendura n\u00eb k\u00ebt\u00eb politik\u00eb t\u00eb privat\u00ebsis\u00eb, kjo mund t\u00eb p\u00ebrfshij\u00eb ve\u00e7an\u00ebrisht qendrat e t\u00eb dh\u00ebnave q\u00eb ruajn\u00eb faqen ton\u00eb t\u00eb internetit dhe bazat e t\u00eb dh\u00ebnave, ofruesit e sh\u00ebrbimeve t\u00eb TI-s\u00eb q\u00eb mir\u00ebmbajn\u00eb sistemet tona dhe firmat e konsulenc\u00ebs. N\u00ebse u zbulojm\u00eb t\u00eb dh\u00ebna ofruesve tan\u00eb t\u00eb sh\u00ebrbimeve, ata mund t\u00eb p\u00ebrdorin t\u00eb nj\u00ebjtat vet\u00ebm p\u00ebr t\u00eb p\u00ebrfunduar detyrat e tyre. T\u00eb gjith\u00eb ofruesit e sh\u00ebrbimeve jan\u00eb p\u00ebrzgjedhur dhe angazhuar me kujdes nga ne. Ata jan\u00eb t\u00eb lidhur kontraktualisht me udh\u00ebzimet tona, kan\u00eb masa t\u00eb p\u00ebrshtatshme teknike dhe organizative p\u00ebr t\u00eb mbrojtur t\u00eb drejtat e subjekteve t\u00eb t\u00eb dh\u00ebnave, garantojn\u00eb nj\u00eb nivel t\u00eb duhur t\u00eb mbrojtjes s\u00eb t\u00eb dh\u00ebnave dhe monitorohen me kujdes nga ne.<\/p>\n<p>P\u00ebrve\u00e7 k\u00ebsaj, informacioni mund t\u00eb zbulohet n\u00eb lidhje me k\u00ebrkesat qeveritare, urdhrat e gjykat\u00ebs dhe procedurat ligjore, n\u00ebse kjo \u00ebsht\u00eb e nevojshme p\u00ebr q\u00ebllime ndjekjeje penale ose zbatimi.<\/p>\n<h2>5. T\u00eb drejtat tuaja<\/h2>\n<p>Ju keni t\u00eb drejt\u00eb t\u00eb k\u00ebrkoni informacion n\u00ebse ne i p\u00ebrpunojm\u00eb t\u00eb dh\u00ebnat tuaja personale n\u00eb \u00e7do koh\u00eb. N\u00eb kontekstin e dh\u00ebnies s\u00eb aksesit; ne do t&#8217;ju shpjegojm\u00eb aktivitetet e p\u00ebrpunimit t\u00eb t\u00eb dh\u00ebnave dhe do t&#8217;ju ofrojm\u00eb nj\u00eb pasqyr\u00eb t\u00eb t\u00eb dh\u00ebnave t\u00eb ruajtura p\u00ebr ju.<\/p>\n<p>N\u00ebse t\u00eb dh\u00ebnat q\u00eb kemi ruajtur jan\u00eb t\u00eb pasakta ose t\u00eb vjetruara, ju keni t\u00eb drejt\u00eb t\u00eb korrigjoni k\u00ebt\u00eb informacion.<\/p>\n<p>Ju gjithashtu mund t\u00eb k\u00ebrkoni q\u00eb t\u00eb dh\u00ebnat tuaja t\u00eb fshihen. N\u00ebse, n\u00eb raste t\u00eb jasht\u00ebzakonshme, fshirja nuk \u00ebsht\u00eb e mundur p\u00ebr shkak t\u00eb dispozitave t\u00eb tjera ligjore, t\u00eb dh\u00ebnat bllokohen n\u00eb m\u00ebnyr\u00eb q\u00eb t\u00eb jen\u00eb t\u00eb disponueshme vet\u00ebm p\u00ebr k\u00ebt\u00eb q\u00ebllim ligjor.<\/p>\n<p>Ju gjithashtu mund t\u00eb kufizoni p\u00ebrpunimin e t\u00eb dh\u00ebnave tuaja n\u00ebse, p\u00ebr shembull, besoni se t\u00eb dh\u00ebnat q\u00eb kemi ruajtur jan\u00eb t\u00eb pasakta.<\/p>\n<p>Ju gjithashtu keni t\u00eb drejt\u00eb t\u00eb mos i n\u00ebnshtroheni nj\u00eb vendimi t\u00eb bazuar vet\u00ebm n\u00eb p\u00ebrpunimin e automatizuar, duke p\u00ebrfshir\u00eb profilizimin.<\/p>\n<p>Ju mund t\u00eb na kontaktoni n\u00eb \u00e7do koh\u00eb p\u00ebr t\u00eb ushtruar t\u00eb drejtat tuaja t\u00eb p\u00ebrshkruara k\u00ebtu. Kjo vlen edhe n\u00ebse d\u00ebshironi t\u00eb merrni kopje t\u00eb garancive p\u00ebr t\u00eb demonstruar se niveli yn\u00eb i mbrojtjes s\u00eb t\u00eb dh\u00ebnave \u00ebsht\u00eb adekuat.<\/p>\n<p>Ju gjithashtu keni t\u00eb drejt\u00eb t\u00eb kund\u00ebrshtoni p\u00ebrpunimin e t\u00eb dh\u00ebnave ose p\u00ebr q\u00ebllime t\u00eb reklamimit t\u00eb drejtp\u00ebrdrejt\u00eb. S\u00eb fundi, ju keni t\u00eb drejt\u00eb t\u00eb b\u00ebni nj\u00eb ankes\u00eb pran\u00eb autoritetit ton\u00eb kompetent mbik\u00ebqyr\u00ebs p\u00ebr mbrojtjen e t\u00eb dh\u00ebnave.<\/p>\n<p><strong>5.1. E drejta e revokimit dhe e drejta e kund\u00ebrshtimit<\/strong><\/p>\n<p>Ju keni t\u00eb drejt\u00eb t\u00eb revokoni <em>p\u00eblqimin q\u00eb na keni dh\u00ebn\u00eb n\u00eb \u00e7do koh\u00eb<\/em> . N\u00ebse e b\u00ebni k\u00ebt\u00eb, ne nuk mund t&#8217;i p\u00ebrpunojm\u00eb m\u00eb t\u00eb dh\u00ebnat tuaja bazuar n\u00eb k\u00ebt\u00eb p\u00eblqim me efekt p\u00ebr t\u00eb ardhmen. Revokimi i p\u00eblqimit nuk cenon ligjshm\u00ebrin\u00eb e p\u00ebrpunimit t\u00eb kryer n\u00eb baz\u00eb t\u00eb p\u00eblqimit derisa i nj\u00ebjti t\u00eb revokohet.<\/p>\n<p>N\u00ebse d\u00ebshironi t\u00eb pretendoni t\u00eb drejt\u00ebn tuaj t\u00eb revokimit ose t\u00eb drejt\u00ebn tuaj p\u00ebr t\u00eb kund\u00ebrshtuar, gjith\u00e7ka q\u00eb duhet t\u00eb b\u00ebni \u00ebsht\u00eb t\u00eb na d\u00ebrgoni nj\u00eb mesazh jozyrtar.<\/p>\n<p><\/p>\t\t\t\t\t\t<\/div>\n\t\t\t\t<\/div>\n\t\t\t\t\t\t<\/div>\r\n\t\t\t\t\t<\/div>\r\n\t\t\t\t<\/div>\r\n\t\t\t\t\t<\/div>\r\n\t\t\t\t\t<\/div>\r\n\t\t\t\t<\/section>\r\n\t\t\t\t<\/div>\n\t\t","protected":false},"excerpt":{"rendered":"<p>Politika e privat\u00ebsis\u00eb Faleminderit p\u00ebr interesimin tuaj n\u00eb faqen ton\u00eb t\u00eb internetit. M\u00eb posht\u00eb, ne ju kemi dh\u00ebn\u00eb informacione se cilat t\u00eb dh\u00ebna mbledhim dhe p\u00ebrpunojm\u00eb, dhe p\u00ebr \u00e7far\u00eb q\u00ebllimesh, kur p\u00ebrdorni faqen ton\u00eb t\u00eb internetit. 1. P\u00ebrpunimi i t\u00eb dh\u00ebnave kur p\u00ebrdorni faqen ton\u00eb t\u00eb internetit 1.1 Vizita e faqes N\u00eb p\u00ebrgjith\u00ebsi, ju mund [&hellip;]<\/p>\n","protected":false},"author":1,"featured_media":0,"parent":0,"menu_order":0,"comment_status":"closed","ping_status":"closed","template":"","meta":{"footnotes":""},"class_list":["post-3704","page","type-page","status-publish","hentry"],"_links":{"self":[{"href":"https:\/\/aconium.al\/sq\/wp-json\/wp\/v2\/pages\/3704","targetHints":{"allow":["GET"]}}],"collection":[{"href":"https:\/\/aconium.al\/sq\/wp-json\/wp\/v2\/pages"}],"about":[{"href":"https:\/\/aconium.al\/sq\/wp-json\/wp\/v2\/types\/page"}],"author":[{"embeddable":true,"href":"https:\/\/aconium.al\/sq\/wp-json\/wp\/v2\/users\/1"}],"replies":[{"embeddable":true,"href":"https:\/\/aconium.al\/sq\/wp-json\/wp\/v2\/comments?post=3704"}],"version-history":[{"count":4,"href":"https:\/\/aconium.al\/sq\/wp-json\/wp\/v2\/pages\/3704\/revisions"}],"predecessor-version":[{"id":3716,"href":"https:\/\/aconium.al\/sq\/wp-json\/wp\/v2\/pages\/3704\/revisions\/3716"}],"wp:attachment":[{"href":"https:\/\/aconium.al\/sq\/wp-json\/wp\/v2\/media?parent=3704"}],"curies":[{"name":"wp","href":"https:\/\/api.w.org\/{rel}","templated":true}]}}